{"id":3559,"date":"2024-09-19T18:53:11","date_gmt":"2024-09-19T16:53:11","guid":{"rendered":"https:\/\/www.afrikaeducation.com\/africeduc\/?post_type=product&#038;p=3559"},"modified":"2024-09-19T18:53:11","modified_gmt":"2024-09-19T16:53:11","slug":"carnet-dun-voyage-a-rebondissement","status":"publish","type":"product","link":"https:\/\/www.afrikaeducation.com\/africeduc\/product\/carnet-dun-voyage-a-rebondissement\/","title":{"rendered":"CARNET D&rsquo;UN VOYAGE \u00c0 REBONDISSEMENT"},"content":{"rendered":"<p class=\"p2\">Tous les accidents de circulation \u00e0 cet endroit \u00e9taient potentiellement mortels, avec des victimes irr\u00e9cup\u00e9rables du ravin de la perdition. Les histoires et les mythes abondaient sur cette falaise qui disposerait des forces et des \u00e9nergies mystiques et cosmiques faisant tancer les avions et leurs passagers comme lors des secousses sur des routes en terre. C\u2019\u00e9tait aussi le tron\u00e7on o\u00f9 les passagers \u00e9taient le plus expos\u00e9s aux risques d\u2019infarctus, d\u2019arr\u00eats cardiaques et d\u2019accidents cardiovasculaires. Mais face \u00e0 tous ces dangers et risques, y aurait-il un plan de rechange pour la travers\u00e9e de cette falaise ? \u00c0 premi\u00e8re vue, la r\u00e9ponse \u00e9tait n\u00e9gative puisque la falaise \u00e9tait un affaissement du sol qui traversait toute la zone de l\u2019Adamaoua. Il semblait que la r\u00e9alisation des voies de contournement co\u00fbterait plus cher que l\u2019entretien du serpent noir qui surplombait la falaise. Toutefois, il \u00e9tait possible d\u2019envisager un tunnel sous cette falaise qui la traverserait de part et d\u2019autre sur une ligne droite afin de faciliter la circulation des personnes et des biens entre l\u2019Adamaoua et les autres r\u00e9gions septentrionales du Cameroun.<\/p>\n","protected":false},"excerpt":{"rendered":"<p>Tous les accidents de circulation \u00e0 cet endroit \u00e9taient potentiellement mortels, avec des victimes irr\u00e9cup\u00e9rables du ravin de la perdition. Les histoires et les mythes abondaient sur cette falaise qui disposerait des forces et des \u00e9nergies mystiques et cosmiques faisant [&hellip;]<\/p>\n","protected":false},"author":1,"featured_media":3561,"comment_status":"open","ping_status":"closed","template":"","meta":[],"product_cat":[123],"product_tag":[],"class_list":{"0":"post-3559","1":"product","2":"type-product","3":"status-publish","4":"has-post-thumbnail","6":"product_cat-eveil","8":"first","9":"instock","10":"shipping-taxable","11":"product-type-simple"},"_links":{"self":[{"href":"https:\/\/www.afrikaeducation.com\/africeduc\/wp-json\/wp\/v2\/product\/3559","targetHints":{"allow":["GET"]}}],"collection":[{"href":"https:\/\/www.afrikaeducation.com\/africeduc\/wp-json\/wp\/v2\/product"}],"about":[{"href":"https:\/\/www.afrikaeducation.com\/africeduc\/wp-json\/wp\/v2\/types\/product"}],"author":[{"embeddable":true,"href":"https:\/\/www.afrikaeducation.com\/africeduc\/wp-json\/wp\/v2\/users\/1"}],"replies":[{"embeddable":true,"href":"https:\/\/www.afrikaeducation.com\/africeduc\/wp-json\/wp\/v2\/comments?post=3559"}],"wp:featuredmedia":[{"embeddable":true,"href":"https:\/\/www.afrikaeducation.com\/africeduc\/wp-json\/wp\/v2\/media\/3561"}],"wp:attachment":[{"href":"https:\/\/www.afrikaeducation.com\/africeduc\/wp-json\/wp\/v2\/media?parent=3559"}],"wp:term":[{"taxonomy":"product_cat","embeddable":true,"href":"https:\/\/www.afrikaeducation.com\/africeduc\/wp-json\/wp\/v2\/product_cat?post=3559"},{"taxonomy":"product_tag","embeddable":true,"href":"https:\/\/www.afrikaeducation.com\/africeduc\/wp-json\/wp\/v2\/product_tag?post=3559"}],"curies":[{"name":"wp","href":"https:\/\/api.w.org\/{rel}","templated":true}]}}