{"id":3555,"date":"2024-09-19T18:42:19","date_gmt":"2024-09-19T16:42:19","guid":{"rendered":"https:\/\/www.afrikaeducation.com\/africeduc\/?post_type=product&#038;p=3555"},"modified":"2024-09-19T18:44:04","modified_gmt":"2024-09-19T16:44:04","slug":"mariage-tardif","status":"publish","type":"product","link":"https:\/\/www.afrikaeducation.com\/africeduc\/product\/mariage-tardif\/","title":{"rendered":"MARIAGE TARDIF"},"content":{"rendered":"<p>L\u2019\u00e2ge tr\u00e8s avanc\u00e9 des futurs \u00e9poux \u00e9tonnait tous ceux qui lisaient les avis de publication de bans du prochain mariage de Biremi et de Beesther. \u00c9tait-ce une plaisanterie de mauvais go\u00fbt ? \u00c9tait-ce un poisson d\u2019avril en ce mois de mars ? Pourquoi avaient-ils attendu le cr\u00e9puscule de leur vie pour se marier \u00e0 l\u2019\u00e9tat civil alors que le mariage \u00e9tait officiellement gratuit pour les adultes consentants ? Est-ce un probl\u00e8me mat\u00e9riel financier qui se trouvait \u00e0 l\u2019origine de ce retard ? Serait-ce un handicap coutumier qui avait bloqu\u00e9 ce mariage ? C\u2019est une foultitude de questions et bien d\u2019autres qui traversaient les esprits des lecteurs et contemplateurs de l\u2019avis de publication des bans. Quel cirque matrimonial en perspective ! (\u2026) \u00c0 peine d\u00e9barrass\u00e9s de leurs paniers et outils de travaux champ\u00eatres, ils se dirig\u00e8rent vers la salle de r\u00e9union du village o\u00f9 les attendait une foule de curieux, d\u2019enthousiasm\u00e9s, d\u2019intrigants et d\u2019extravagants. Alors qu\u2019ils avan\u00e7aient, la foule excit\u00e9e les acclamait avec des cris de joie et des youyous en scandant : \u00ab Salut les mari\u00e9s ! Salut les mari\u00e9s ! Salut les mari\u00e9s ! Vive les mari\u00e9s ! Vive les mari\u00e9s ! Vive les mari\u00e9s ! Aujourd\u2019hui, la mairie et demain la morgue ! Aujourd\u2019hui, la mairie et demain la morgue ! Aujourd\u2019hui, la mairie et demain la morgue ! \u00bb. Quelles promesses macabres !<\/p>\n","protected":false},"excerpt":{"rendered":"<p>L\u2019\u00e2ge tr\u00e8s avanc\u00e9 des futurs \u00e9poux \u00e9tonnait tous ceux qui lisaient les avis de publication de bans du prochain mariage de Biremi et de Beesther. \u00c9tait-ce une plaisanterie de mauvais go\u00fbt ? \u00c9tait-ce un poisson d\u2019avril en ce mois de [&hellip;]<\/p>\n","protected":false},"author":1,"featured_media":3556,"comment_status":"open","ping_status":"closed","template":"","meta":[],"product_cat":[123],"product_tag":[],"class_list":{"0":"post-3555","1":"product","2":"type-product","3":"status-publish","4":"has-post-thumbnail","6":"product_cat-eveil","8":"first","9":"instock","10":"shipping-taxable","11":"product-type-simple"},"_links":{"self":[{"href":"https:\/\/www.afrikaeducation.com\/africeduc\/wp-json\/wp\/v2\/product\/3555","targetHints":{"allow":["GET"]}}],"collection":[{"href":"https:\/\/www.afrikaeducation.com\/africeduc\/wp-json\/wp\/v2\/product"}],"about":[{"href":"https:\/\/www.afrikaeducation.com\/africeduc\/wp-json\/wp\/v2\/types\/product"}],"author":[{"embeddable":true,"href":"https:\/\/www.afrikaeducation.com\/africeduc\/wp-json\/wp\/v2\/users\/1"}],"replies":[{"embeddable":true,"href":"https:\/\/www.afrikaeducation.com\/africeduc\/wp-json\/wp\/v2\/comments?post=3555"}],"wp:featuredmedia":[{"embeddable":true,"href":"https:\/\/www.afrikaeducation.com\/africeduc\/wp-json\/wp\/v2\/media\/3556"}],"wp:attachment":[{"href":"https:\/\/www.afrikaeducation.com\/africeduc\/wp-json\/wp\/v2\/media?parent=3555"}],"wp:term":[{"taxonomy":"product_cat","embeddable":true,"href":"https:\/\/www.afrikaeducation.com\/africeduc\/wp-json\/wp\/v2\/product_cat?post=3555"},{"taxonomy":"product_tag","embeddable":true,"href":"https:\/\/www.afrikaeducation.com\/africeduc\/wp-json\/wp\/v2\/product_tag?post=3555"}],"curies":[{"name":"wp","href":"https:\/\/api.w.org\/{rel}","templated":true}]}}