{"id":3385,"date":"2024-08-23T20:37:37","date_gmt":"2024-08-23T18:37:37","guid":{"rendered":"https:\/\/www.afrikaeducation.com\/africeduc\/?post_type=product&#038;p=3385"},"modified":"2024-08-23T20:43:43","modified_gmt":"2024-08-23T18:43:43","slug":"jaime-le-chinois-tome-1","status":"publish","type":"product","link":"https:\/\/www.afrikaeducation.com\/africeduc\/product\/jaime-le-chinois-tome-1\/","title":{"rendered":"J\u2019aime le chinois, tome 1"},"content":{"rendered":"<p class=\"p1\"><span class=\"s1\">Le manuel <\/span><span class=\"s2\"><b>J\u2019aime le chinois, tome 1<\/b><\/span><span class=\"s1\"> constitue une m\u00e9thode progressive, dont le but est de d\u00e9velopper, chez l\u2019apprenant, des comp\u00e9tences g\u00e9n\u00e9rales en langue chinoise, \u00e0 travers des situations de vies autour de laquelle se d\u00e9roule l\u2019apprentissage du vocabulaire, des structures et fonctions linguistiques, des sinogrammes, de la culture chinoise, de l\u2019entra\u00eenement \u00e0 la compr\u00e9hension, traduction<span class=\"Apple-converted-space\">\u00a0 <\/span>et \u00e0 l\u2019expression orale et \u00e9crite.<\/span><\/p>\n<p class=\"p1\"><span class=\"s1\">Le pr\u00e9sent ouvrage s\u2019appuie d\u2019une part sur l\u2019approche par les comp\u00e9tences et d\u2019autre part sur les nouvelles recherches sur la didactique et la p\u00e9dagogie du chinois, particuli\u00e8rement le concept didactique \u00ab\u2009structure \u2013 fonction \u2013 culture\u2009\u00bb qui correspond aux sp\u00e9cificit\u00e9s de l\u2019enseignement du chinois.<\/span><\/p>\n<p class=\"p1\"><span class=\"s1\">J\u2019aime le chinois, tome 1 est le premier volet d\u2019une s\u00e9rie de cinq qui met en sc\u00e8ne des familles de situations telles que \u00ab\u2009interaction lors d\u2019un premier contact\u2009\u00bb, \u00ab\u2009pr\u00e9senter les membres d\u2019une famille nucl\u00e9aire\u2009\u00bb, \u00ab\u2009parler du climat\u2009\u00bb, \u00ab\u2009d\u00e9crire les parties du corps humain\u2009\u00bb, \u00ab\u2009consulter un m\u00e9decin\u2009\u00bb, \u00ab\u2009d\u00e9couvrir les nationalit\u00e9s et les f\u00eates nationales et\/ou traditionnelles\u2009\u00bb, \u00ab\u2009vendre et acheter des produits\u2009\u00bb, \u00ab\u2009les m\u00e9tiers\u2009\u00bb, \u00ab\u2009quelques moyens de transport et de communication\u2009\u00bb.<\/span><\/p>\n<p class=\"p1\"><span class=\"s1\">\u00c0 la fin des deux premiers tomes, l\u2019apprenant devrait pouvoir atteindre le niveau 1C + du curriculum international pour l\u2019enseignement \/ apprentissage du chinois langue \u00e9trang\u00e8re ( niveau primaire et secondaire) <\/span><\/p>\n","protected":false},"excerpt":{"rendered":"<p>Le manuel J\u2019aime le chinois, tome 1 constitue une m\u00e9thode progressive, dont le but est de d\u00e9velopper, chez l\u2019apprenant, des comp\u00e9tences g\u00e9n\u00e9rales en langue chinoise, \u00e0 travers des situations de vies autour de laquelle se d\u00e9roule l\u2019apprentissage du vocabulaire, des [&hellip;]<\/p>\n","protected":false},"author":1,"featured_media":3386,"comment_status":"open","ping_status":"closed","template":"","meta":[],"product_cat":[121],"product_tag":[],"class_list":{"0":"post-3385","1":"product","2":"type-product","3":"status-publish","4":"has-post-thumbnail","6":"product_cat-4eme","8":"first","9":"instock","10":"shipping-taxable","11":"product-type-simple"},"_links":{"self":[{"href":"https:\/\/www.afrikaeducation.com\/africeduc\/wp-json\/wp\/v2\/product\/3385","targetHints":{"allow":["GET"]}}],"collection":[{"href":"https:\/\/www.afrikaeducation.com\/africeduc\/wp-json\/wp\/v2\/product"}],"about":[{"href":"https:\/\/www.afrikaeducation.com\/africeduc\/wp-json\/wp\/v2\/types\/product"}],"author":[{"embeddable":true,"href":"https:\/\/www.afrikaeducation.com\/africeduc\/wp-json\/wp\/v2\/users\/1"}],"replies":[{"embeddable":true,"href":"https:\/\/www.afrikaeducation.com\/africeduc\/wp-json\/wp\/v2\/comments?post=3385"}],"wp:featuredmedia":[{"embeddable":true,"href":"https:\/\/www.afrikaeducation.com\/africeduc\/wp-json\/wp\/v2\/media\/3386"}],"wp:attachment":[{"href":"https:\/\/www.afrikaeducation.com\/africeduc\/wp-json\/wp\/v2\/media?parent=3385"}],"wp:term":[{"taxonomy":"product_cat","embeddable":true,"href":"https:\/\/www.afrikaeducation.com\/africeduc\/wp-json\/wp\/v2\/product_cat?post=3385"},{"taxonomy":"product_tag","embeddable":true,"href":"https:\/\/www.afrikaeducation.com\/africeduc\/wp-json\/wp\/v2\/product_tag?post=3385"}],"curies":[{"name":"wp","href":"https:\/\/api.w.org\/{rel}","templated":true}]}}