{"id":3381,"date":"2024-08-23T20:21:02","date_gmt":"2024-08-23T18:21:02","guid":{"rendered":"https:\/\/www.afrikaeducation.com\/africeduc\/?post_type=product&#038;p=3381"},"modified":"2024-08-23T20:21:02","modified_gmt":"2024-08-23T18:21:02","slug":"graphisme-sil","status":"publish","type":"product","link":"https:\/\/www.afrikaeducation.com\/africeduc\/product\/graphisme-sil\/","title":{"rendered":"Graphisme SIL"},"content":{"rendered":"<p class=\"p2\">Le manuel <b>Graphisme SIL <\/b>est un guide d\u2019initiation \u00e0 l\u2019\u00e9criture destin\u00e9 aux apprenants de la SIL (Section d\u2019initiation au langage) du sous-syst\u00e8me francophone. Con\u00e7u et r\u00e9dig\u00e9 sur la base du <b>Curriculum de l\u2019enseignement primaire francophone camerounais du niveau 1 : cycle des initiations (SIL-CP) ann\u00e9e 2018, <\/b>ce manuel permet \u00e0 l\u2019\u00e9l\u00e8ve de d\u00e9velopper des comp\u00e9tences en \u00e9criture. Il favorise \u00e9galement un apprentissage progressif. Ainsi, l\u2019\u00e9l\u00e8ve d\u00e9bute par la reproduction des trac\u00e9s et des formes qui lui permettent d\u2019acqu\u00e9rir l\u2019acte de motricit\u00e9. Au cours des le\u00e7ons, il \u00e9crit des lettres, des syllabes, des mots puis des phrases.<\/p>\n","protected":false},"excerpt":{"rendered":"<p>Le manuel Graphisme SIL est un guide d\u2019initiation \u00e0 l\u2019\u00e9criture destin\u00e9 aux apprenants de la SIL (Section d\u2019initiation au langage) du sous-syst\u00e8me francophone. Con\u00e7u et r\u00e9dig\u00e9 sur la base du Curriculum de l\u2019enseignement primaire francophone camerounais du niveau 1 : [&hellip;]<\/p>\n","protected":false},"author":1,"featured_media":3382,"comment_status":"open","ping_status":"closed","template":"","meta":[],"product_cat":[110],"product_tag":[],"class_list":{"0":"post-3381","1":"product","2":"type-product","3":"status-publish","4":"has-post-thumbnail","6":"product_cat-sil","8":"first","9":"instock","10":"shipping-taxable","11":"product-type-simple"},"_links":{"self":[{"href":"https:\/\/www.afrikaeducation.com\/africeduc\/wp-json\/wp\/v2\/product\/3381","targetHints":{"allow":["GET"]}}],"collection":[{"href":"https:\/\/www.afrikaeducation.com\/africeduc\/wp-json\/wp\/v2\/product"}],"about":[{"href":"https:\/\/www.afrikaeducation.com\/africeduc\/wp-json\/wp\/v2\/types\/product"}],"author":[{"embeddable":true,"href":"https:\/\/www.afrikaeducation.com\/africeduc\/wp-json\/wp\/v2\/users\/1"}],"replies":[{"embeddable":true,"href":"https:\/\/www.afrikaeducation.com\/africeduc\/wp-json\/wp\/v2\/comments?post=3381"}],"wp:featuredmedia":[{"embeddable":true,"href":"https:\/\/www.afrikaeducation.com\/africeduc\/wp-json\/wp\/v2\/media\/3382"}],"wp:attachment":[{"href":"https:\/\/www.afrikaeducation.com\/africeduc\/wp-json\/wp\/v2\/media?parent=3381"}],"wp:term":[{"taxonomy":"product_cat","embeddable":true,"href":"https:\/\/www.afrikaeducation.com\/africeduc\/wp-json\/wp\/v2\/product_cat?post=3381"},{"taxonomy":"product_tag","embeddable":true,"href":"https:\/\/www.afrikaeducation.com\/africeduc\/wp-json\/wp\/v2\/product_tag?post=3381"}],"curies":[{"name":"wp","href":"https:\/\/api.w.org\/{rel}","templated":true}]}}