{"id":3379,"date":"2024-08-23T20:06:47","date_gmt":"2024-08-23T18:06:47","guid":{"rendered":"https:\/\/www.afrikaeducation.com\/africeduc\/?post_type=product&#038;p=3379"},"modified":"2024-08-23T20:06:48","modified_gmt":"2024-08-23T18:06:48","slug":"svteehb-3e","status":"publish","type":"product","link":"https:\/\/www.afrikaeducation.com\/africeduc\/product\/svteehb-3e\/","title":{"rendered":"SVTEEHB 3e"},"content":{"rendered":"<p class=\"p2\"><b><i>Sciences de la Vie et de la Terre, \u00c9ducation \u00e0 l\u2019Environnement, Hygi\u00e8ne et Biotechnologie (SVTEEHB), <\/i><\/b>de la classe de 3<span class=\"s1\">e<\/span>, est r\u00e9dig\u00e9 conform\u00e9ment aux nouveaux programmes officiels red\u00e9finis par <i>Arr\u00eat\u00e9 N\u00b0 238 du 14 juin 2023<\/i>. Sa d\u00e9marche p\u00e9dagogique respecte les exigences de <b>l\u2019Approche par les comp\u00e9tences avec entr\u00e9e par les situations de vie (APC\/ESV) et conduit l\u2019apprenant \u00e0 :<\/b><\/p>\n<p class=\"p3\">acqu\u00e9rir des ressources (savoirs, savoir-faire et savoir-\u00eatre) et des capacit\u00e9s pour r\u00e9soudre des probl\u00e8mes de vie quotidienne ;<\/p>\n<p class=\"p3\">conna\u00eetre, comprendre et g\u00e9rer son environnement pour un d\u00e9veloppement durable ;<\/p>\n<p class=\"p3\">sauvegarder sa sant\u00e9 et celle de son entourage ;<\/p>\n<p class=\"p3\">produire et am\u00e9liorer des biens de consommation et de service ;<\/p>\n<p class=\"p3\">contracter l\u2019esprit scientifique et s\u2019approprier les m\u00e9thodes de la d\u00e9marche aff\u00e9rente \u00e0 travers les activit\u00e9s propos\u00e9es.<\/p>\n<p class=\"p2\">Ce manuel compte 3 modules et 14 s\u00e9quences subdivis\u00e9es chacune en plusieurs s\u00e9ances. \u00c0 l\u2019entame de chaque module appara\u00eet une double page dont la premi\u00e8re porte son titre, la famille de situations ainsi que la pr\u00e9sentation g\u00e9n\u00e9rale de cette partie \u00e0 \u00e9tudier. La deuxi\u00e8me, quant \u00e0 elle, introduit le titre de l\u2019exemple de situations, auquel succ\u00e8de celui de la cat\u00e9gorie d\u2019actions correspondante.<\/p>\n","protected":false},"excerpt":{"rendered":"<p>Sciences de la Vie et de la Terre, \u00c9ducation \u00e0 l\u2019Environnement, Hygi\u00e8ne et Biotechnologie (SVTEEHB), de la classe de 3e, est r\u00e9dig\u00e9 conform\u00e9ment aux nouveaux programmes officiels red\u00e9finis par Arr\u00eat\u00e9 N\u00b0 238 du 14 juin 2023. Sa d\u00e9marche p\u00e9dagogique respecte [&hellip;]<\/p>\n","protected":false},"author":1,"featured_media":3380,"comment_status":"open","ping_status":"closed","template":"","meta":[],"product_cat":[120],"product_tag":[],"class_list":{"0":"post-3379","1":"product","2":"type-product","3":"status-publish","4":"has-post-thumbnail","6":"product_cat-3eme","8":"first","9":"instock","10":"shipping-taxable","11":"product-type-simple"},"_links":{"self":[{"href":"https:\/\/www.afrikaeducation.com\/africeduc\/wp-json\/wp\/v2\/product\/3379","targetHints":{"allow":["GET"]}}],"collection":[{"href":"https:\/\/www.afrikaeducation.com\/africeduc\/wp-json\/wp\/v2\/product"}],"about":[{"href":"https:\/\/www.afrikaeducation.com\/africeduc\/wp-json\/wp\/v2\/types\/product"}],"author":[{"embeddable":true,"href":"https:\/\/www.afrikaeducation.com\/africeduc\/wp-json\/wp\/v2\/users\/1"}],"replies":[{"embeddable":true,"href":"https:\/\/www.afrikaeducation.com\/africeduc\/wp-json\/wp\/v2\/comments?post=3379"}],"wp:featuredmedia":[{"embeddable":true,"href":"https:\/\/www.afrikaeducation.com\/africeduc\/wp-json\/wp\/v2\/media\/3380"}],"wp:attachment":[{"href":"https:\/\/www.afrikaeducation.com\/africeduc\/wp-json\/wp\/v2\/media?parent=3379"}],"wp:term":[{"taxonomy":"product_cat","embeddable":true,"href":"https:\/\/www.afrikaeducation.com\/africeduc\/wp-json\/wp\/v2\/product_cat?post=3379"},{"taxonomy":"product_tag","embeddable":true,"href":"https:\/\/www.afrikaeducation.com\/africeduc\/wp-json\/wp\/v2\/product_tag?post=3379"}],"curies":[{"name":"wp","href":"https:\/\/api.w.org\/{rel}","templated":true}]}}