{"id":3378,"date":"2024-08-23T20:03:15","date_gmt":"2024-08-23T18:03:15","guid":{"rendered":"https:\/\/www.afrikaeducation.com\/africeduc\/?post_type=product&#038;p=3378"},"modified":"2024-08-23T20:03:15","modified_gmt":"2024-08-23T18:03:15","slug":"sciences-6e","status":"publish","type":"product","link":"https:\/\/www.afrikaeducation.com\/africeduc\/product\/sciences-6e\/","title":{"rendered":"SCIENCES 6e"},"content":{"rendered":"<p class=\"p2\"><b>Le manuel Sciences 6<\/b><span class=\"s1\"><b>e <\/b><\/span><b>est r\u00e9dig\u00e9 conform\u00e9ment aux nouveaux programmes officiels red\u00e9finis par Arr\u00eat\u00e9 N\u00b0 238 du 14 juin 2023. Sa d\u00e9marche p\u00e9dagogique respecte les exigences de l\u2019Approche par les Comp\u00e9tences avec Entr\u00e9e par les Situations de Vie (APC\/ESV) et conduit l\u2019apprenant \u00e0 :<\/b><\/p>\n<p class=\"p3\"><b>\u2014 acqu\u00e9rir des ressources (savoirs, savoir-faire et savoir-\u00eatre) et des capacit\u00e9s pour r\u00e9soudre des probl\u00e8mes de vie quotidienne ;<\/b><\/p>\n<p class=\"p3\"><b>\u2014 conna\u00eetre, comprendre et g\u00e9rer son environnement pour un d\u00e9veloppement durable ;<\/b><\/p>\n<p class=\"p3\"><b>\u2014 sauvegarder sa sant\u00e9 et celle de son entourage ;<\/b><\/p>\n<p class=\"p3\"><b>\u2014 produire et am\u00e9liorer les biens de consommation et de service ;<\/b><\/p>\n<p class=\"p4\"><b>\u2014 contracter l\u2019esprit scientifique et s\u2019approprier les m\u00e9thodes de la d\u00e9marche aff\u00e9rente \u00e0 travers les activit\u00e9s propos\u00e9es.<\/b><\/p>\n","protected":false},"excerpt":{"rendered":"<p>Le manuel Sciences 6e est r\u00e9dig\u00e9 conform\u00e9ment aux nouveaux programmes officiels red\u00e9finis par Arr\u00eat\u00e9 N\u00b0 238 du 14 juin 2023. Sa d\u00e9marche p\u00e9dagogique respecte les exigences de l\u2019Approche par les Comp\u00e9tences avec Entr\u00e9e par les Situations de Vie (APC\/ESV) et [&hellip;]<\/p>\n","protected":false},"author":1,"featured_media":3141,"comment_status":"open","ping_status":"closed","template":"","meta":[],"product_cat":[50],"product_tag":[],"class_list":{"0":"post-3378","1":"product","2":"type-product","3":"status-publish","4":"has-post-thumbnail","6":"product_cat-6eme","8":"first","9":"instock","10":"shipping-taxable","11":"product-type-simple"},"_links":{"self":[{"href":"https:\/\/www.afrikaeducation.com\/africeduc\/wp-json\/wp\/v2\/product\/3378","targetHints":{"allow":["GET"]}}],"collection":[{"href":"https:\/\/www.afrikaeducation.com\/africeduc\/wp-json\/wp\/v2\/product"}],"about":[{"href":"https:\/\/www.afrikaeducation.com\/africeduc\/wp-json\/wp\/v2\/types\/product"}],"author":[{"embeddable":true,"href":"https:\/\/www.afrikaeducation.com\/africeduc\/wp-json\/wp\/v2\/users\/1"}],"replies":[{"embeddable":true,"href":"https:\/\/www.afrikaeducation.com\/africeduc\/wp-json\/wp\/v2\/comments?post=3378"}],"wp:featuredmedia":[{"embeddable":true,"href":"https:\/\/www.afrikaeducation.com\/africeduc\/wp-json\/wp\/v2\/media\/3141"}],"wp:attachment":[{"href":"https:\/\/www.afrikaeducation.com\/africeduc\/wp-json\/wp\/v2\/media?parent=3378"}],"wp:term":[{"taxonomy":"product_cat","embeddable":true,"href":"https:\/\/www.afrikaeducation.com\/africeduc\/wp-json\/wp\/v2\/product_cat?post=3378"},{"taxonomy":"product_tag","embeddable":true,"href":"https:\/\/www.afrikaeducation.com\/africeduc\/wp-json\/wp\/v2\/product_tag?post=3378"}],"curies":[{"name":"wp","href":"https:\/\/api.w.org\/{rel}","templated":true}]}}