{"id":3376,"date":"2024-08-23T19:59:31","date_gmt":"2024-08-23T17:59:31","guid":{"rendered":"https:\/\/www.afrikaeducation.com\/africeduc\/?post_type=product&#038;p=3376"},"modified":"2025-03-03T19:33:55","modified_gmt":"2025-03-03T18:33:55","slug":"francais-5e","status":"publish","type":"product","link":"https:\/\/www.afrikaeducation.com\/africeduc\/product\/francais-5e\/","title":{"rendered":"FRAN\u00c7AIS 5e"},"content":{"rendered":"<p class=\"p2\"><span class=\"s1\"><b><i>Fran\u00e7ais 5<\/i><\/b><\/span><span class=\"s2\"><b><i>e <\/i><\/b><\/span>est un cours complet de langue fran\u00e7aise \u00e0 l\u2019usage des \u00e9l\u00e8ves fr\u00e9quentant la classe de cinqui\u00e8me de l\u2019enseignement secondaire g\u00e9n\u00e9ral ou celle de deuxi\u00e8me ann\u00e9e de l\u2019enseignement secondaire technique et professionnel. Con\u00e7u et r\u00e9dig\u00e9 conform\u00e9ment aux nouveaux programmes adoss\u00e9s \u00e0 <b>l\u2019Approche par les comp\u00e9tences avec entr\u00e9e par les situations de vie<\/b>, d\u00e9finis par <b>l\u2019Arr\u00eat\u00e9 n\u00b038\/23\/MINESEC du 14 juin 2023, <\/b>le pr\u00e9sent manuel offre un large \u00e9ventail d\u2019outils pour l\u2019apprentissage du fran\u00e7ais dans toutes ses articulations. Ainsi, loin d\u2019\u00eatre un projet p\u00e9dagogique, car celui-ci se construit en fonction des besoins sp\u00e9cifiques de chaque classe, le pr\u00e9sent manuel est un adjuvant \u00e0 la mise en oeuvre des programmes. Il est construit autour de s\u00e9quences didactiques pertinentes, coh\u00e9rentes et parfaitement d\u00e9cloisonn\u00e9es. Il couvre le programme dans son enti\u00e8ret\u00e9 tout en proc\u00e9dant \u00e0 une segmentation des items en vue de les rendre digestes et facilement assimilables par les apprenants.<\/p>\n","protected":false},"excerpt":{"rendered":"<p>Fran\u00e7ais 5e est un cours complet de langue fran\u00e7aise \u00e0 l\u2019usage des \u00e9l\u00e8ves fr\u00e9quentant la classe de cinqui\u00e8me de l\u2019enseignement secondaire g\u00e9n\u00e9ral ou celle de deuxi\u00e8me ann\u00e9e de l\u2019enseignement secondaire technique et professionnel. Con\u00e7u et r\u00e9dig\u00e9 conform\u00e9ment aux nouveaux programmes [&hellip;]<\/p>\n","protected":false},"author":1,"featured_media":3377,"comment_status":"open","ping_status":"closed","template":"","meta":[],"product_cat":[49],"product_tag":[],"class_list":{"0":"post-3376","1":"product","2":"type-product","3":"status-publish","4":"has-post-thumbnail","6":"product_cat-5eme","8":"first","9":"instock","10":"shipping-taxable","11":"product-type-simple"},"_links":{"self":[{"href":"https:\/\/www.afrikaeducation.com\/africeduc\/wp-json\/wp\/v2\/product\/3376","targetHints":{"allow":["GET"]}}],"collection":[{"href":"https:\/\/www.afrikaeducation.com\/africeduc\/wp-json\/wp\/v2\/product"}],"about":[{"href":"https:\/\/www.afrikaeducation.com\/africeduc\/wp-json\/wp\/v2\/types\/product"}],"author":[{"embeddable":true,"href":"https:\/\/www.afrikaeducation.com\/africeduc\/wp-json\/wp\/v2\/users\/1"}],"replies":[{"embeddable":true,"href":"https:\/\/www.afrikaeducation.com\/africeduc\/wp-json\/wp\/v2\/comments?post=3376"}],"wp:featuredmedia":[{"embeddable":true,"href":"https:\/\/www.afrikaeducation.com\/africeduc\/wp-json\/wp\/v2\/media\/3377"}],"wp:attachment":[{"href":"https:\/\/www.afrikaeducation.com\/africeduc\/wp-json\/wp\/v2\/media?parent=3376"}],"wp:term":[{"taxonomy":"product_cat","embeddable":true,"href":"https:\/\/www.afrikaeducation.com\/africeduc\/wp-json\/wp\/v2\/product_cat?post=3376"},{"taxonomy":"product_tag","embeddable":true,"href":"https:\/\/www.afrikaeducation.com\/africeduc\/wp-json\/wp\/v2\/product_tag?post=3376"}],"curies":[{"name":"wp","href":"https:\/\/api.w.org\/{rel}","templated":true}]}}