{"id":3362,"date":"2024-08-23T19:12:25","date_gmt":"2024-08-23T17:12:25","guid":{"rendered":"https:\/\/www.afrikaeducation.com\/africeduc\/?post_type=product&#038;p=3362"},"modified":"2025-03-20T11:54:31","modified_gmt":"2025-03-20T10:54:31","slug":"french-form-3","status":"publish","type":"product","link":"https:\/\/www.afrikaeducation.com\/africeduc\/product\/french-form-3\/","title":{"rendered":"French form 3"},"content":{"rendered":"<p class=\"p2\"><i>French Form 3 <\/i>est un cours complet de langue fran\u00e7aise \u00e0 l\u2019usage des \u00e9l\u00e8ves fr\u00e9quentant la classe de Form 3 de l\u2019enseignement secondaire g\u00e9n\u00e9ral et de Form 3 de l\u2019enseignement secondaire technique et professionnel. Con\u00e7u et r\u00e9dig\u00e9 en application des nouveaux programmes, adoss\u00e9s \u00e0 l\u2019Approche par les comp\u00e9tences avec entr\u00e9e par les situations de vie, tels que d\u00e9finis par <b><i>l\u2019Arr\u00eat\u00e9 n\u00b0 238\/23\/MINESEC du 14 juin 2023. <\/i><\/b>Le pr\u00e9sent manuel offre un large \u00e9ventail d\u2019outils pour l\u2019apprentissage du French dans toutes ses articulations. Il couvre le programme dans son enti\u00e8ret\u00e9 (<b>100 % du programme<\/b>) tout en proc\u00e9dant \u00e0 une segmentation des items en vue de les rendre digestes et facilement assimilables par les apprenants.<\/p>\n","protected":false},"excerpt":{"rendered":"<p>French Form 3 est un cours complet de langue fran\u00e7aise \u00e0 l\u2019usage des \u00e9l\u00e8ves fr\u00e9quentant la classe de Form 3 de l\u2019enseignement secondaire g\u00e9n\u00e9ral et de Form 3 de l\u2019enseignement secondaire technique et professionnel. Con\u00e7u et r\u00e9dig\u00e9 en application des [&hellip;]<\/p>\n","protected":false},"author":1,"featured_media":3364,"comment_status":"open","ping_status":"closed","template":"","meta":[],"product_cat":[46],"product_tag":[],"class_list":{"0":"post-3362","1":"product","2":"type-product","3":"status-publish","4":"has-post-thumbnail","6":"product_cat-uncategorized","8":"first","9":"instock","10":"shipping-taxable","11":"product-type-simple"},"_links":{"self":[{"href":"https:\/\/www.afrikaeducation.com\/africeduc\/wp-json\/wp\/v2\/product\/3362","targetHints":{"allow":["GET"]}}],"collection":[{"href":"https:\/\/www.afrikaeducation.com\/africeduc\/wp-json\/wp\/v2\/product"}],"about":[{"href":"https:\/\/www.afrikaeducation.com\/africeduc\/wp-json\/wp\/v2\/types\/product"}],"author":[{"embeddable":true,"href":"https:\/\/www.afrikaeducation.com\/africeduc\/wp-json\/wp\/v2\/users\/1"}],"replies":[{"embeddable":true,"href":"https:\/\/www.afrikaeducation.com\/africeduc\/wp-json\/wp\/v2\/comments?post=3362"}],"wp:featuredmedia":[{"embeddable":true,"href":"https:\/\/www.afrikaeducation.com\/africeduc\/wp-json\/wp\/v2\/media\/3364"}],"wp:attachment":[{"href":"https:\/\/www.afrikaeducation.com\/africeduc\/wp-json\/wp\/v2\/media?parent=3362"}],"wp:term":[{"taxonomy":"product_cat","embeddable":true,"href":"https:\/\/www.afrikaeducation.com\/africeduc\/wp-json\/wp\/v2\/product_cat?post=3362"},{"taxonomy":"product_tag","embeddable":true,"href":"https:\/\/www.afrikaeducation.com\/africeduc\/wp-json\/wp\/v2\/product_tag?post=3362"}],"curies":[{"name":"wp","href":"https:\/\/api.w.org\/{rel}","templated":true}]}}