{"id":2838,"date":"2022-07-01T13:44:43","date_gmt":"2022-07-01T11:44:43","guid":{"rendered":"https:\/\/www.afrikaeducation.com\/?post_type=product&#038;p=2838"},"modified":"2026-01-22T23:37:26","modified_gmt":"2026-01-22T22:37:26","slug":"french-class-6","status":"publish","type":"product","link":"https:\/\/www.afrikaeducation.com\/africeduc\/product\/french-class-6\/","title":{"rendered":"French Class 6"},"content":{"rendered":"<p><img loading=\"lazy\" decoding=\"async\" class=\"alignnone size-medium wp-image-2804\" src=\"http:\/\/www.afrikaeducation.com\/wp-content\/uploads\/2022\/04\/couverture-french-class-6-normal-219x300.jpg\" alt=\"\" width=\"219\" height=\"300\" srcset=\"https:\/\/www.afrikaeducation.com\/wp-content\/uploads\/2022\/04\/couverture-french-class-6-normal-219x300.jpg 219w, https:\/\/www.afrikaeducation.com\/wp-content\/uploads\/2022\/04\/couverture-french-class-6-normal-600x823.jpg 600w, https:\/\/www.afrikaeducation.com\/wp-content\/uploads\/2022\/04\/couverture-french-class-6-normal-747x1024.jpg 747w, https:\/\/www.afrikaeducation.com\/wp-content\/uploads\/2022\/04\/couverture-french-class-6-normal-768x1053.jpg 768w, https:\/\/www.afrikaeducation.com\/wp-content\/uploads\/2022\/04\/couverture-french-class-6-normal-1120x1536.jpg 1120w, https:\/\/www.afrikaeducation.com\/wp-content\/uploads\/2022\/04\/couverture-french-class-6-normal-1494x2048.jpg 1494w, https:\/\/www.afrikaeducation.com\/wp-content\/uploads\/2022\/04\/couverture-french-class-6-normal-scaled.jpg 1867w\" sizes=\"auto, (max-width: 219px) 100vw, 219px\" \/><\/p>\n","protected":false},"excerpt":{"rendered":"<p>Ce manuel est destin\u00e9 aux \u00e9l\u00e8ves de Class 6. Apprendre plusieurs langues est, pour les enfants, synonyme d\u2019avantages cognitifs, acad\u00e9miques et cr\u00e9atifs. Dans cet ouvrage, les auteurs par leur m\u00e9thode proposent un enseignement vivant, progressif et clairement structur\u00e9.<\/p>\n<p>Il est structur\u00e9 en huit unit\u00e9s qui commencent chacune par l\u2019\u00e9nonc\u00e9 de la comp\u00e9tence attendue. Chaque unit\u00e9 comprend plusieurs activit\u00e9s entre autres l\u2019expression orale, la lecture, le vocabulaire, l\u2019orthographe, la grammaire, la conjugaison et la production d\u2019\u00e9crits. Toutes les le\u00e7ons sont contextualis\u00e9es c\u2019est-\u00e0-dire qu\u2019elles ont un point de d\u00e9part, une situation de vie propre \u00e0 l\u2019environnement de l\u2019\u00e9l\u00e8ve.<\/p>\n<p>Tr\u00e8s recommand\u00e9 pour les enfants parlant d\u2019autres langues et qui souhaitent apprendre le fran\u00e7ais, ce manuel est au programme scolaire du Cameroun.<\/p>\n","protected":false},"author":1,"featured_media":2804,"comment_status":"open","ping_status":"closed","template":"","meta":[],"product_cat":[93],"product_tag":[],"class_list":{"0":"post-2838","1":"product","2":"type-product","3":"status-publish","4":"has-post-thumbnail","6":"product_cat-class-6","8":"first","9":"instock","10":"shipping-taxable","11":"product-type-simple"},"_links":{"self":[{"href":"https:\/\/www.afrikaeducation.com\/africeduc\/wp-json\/wp\/v2\/product\/2838","targetHints":{"allow":["GET"]}}],"collection":[{"href":"https:\/\/www.afrikaeducation.com\/africeduc\/wp-json\/wp\/v2\/product"}],"about":[{"href":"https:\/\/www.afrikaeducation.com\/africeduc\/wp-json\/wp\/v2\/types\/product"}],"author":[{"embeddable":true,"href":"https:\/\/www.afrikaeducation.com\/africeduc\/wp-json\/wp\/v2\/users\/1"}],"replies":[{"embeddable":true,"href":"https:\/\/www.afrikaeducation.com\/africeduc\/wp-json\/wp\/v2\/comments?post=2838"}],"wp:featuredmedia":[{"embeddable":true,"href":"https:\/\/www.afrikaeducation.com\/africeduc\/wp-json\/wp\/v2\/media\/2804"}],"wp:attachment":[{"href":"https:\/\/www.afrikaeducation.com\/africeduc\/wp-json\/wp\/v2\/media?parent=2838"}],"wp:term":[{"taxonomy":"product_cat","embeddable":true,"href":"https:\/\/www.afrikaeducation.com\/africeduc\/wp-json\/wp\/v2\/product_cat?post=2838"},{"taxonomy":"product_tag","embeddable":true,"href":"https:\/\/www.afrikaeducation.com\/africeduc\/wp-json\/wp\/v2\/product_tag?post=2838"}],"curies":[{"name":"wp","href":"https:\/\/api.w.org\/{rel}","templated":true}]}}