{"id":2834,"date":"2022-07-01T13:06:59","date_gmt":"2022-07-01T11:06:59","guid":{"rendered":"https:\/\/www.afrikaeducation.com\/?post_type=product&#038;p=2834"},"modified":"2024-11-09T12:44:18","modified_gmt":"2024-11-09T11:44:18","slug":"comment-ca-va-benjamin%e2%80%89","status":"publish","type":"product","link":"https:\/\/www.afrikaeducation.com\/africeduc\/product\/comment-ca-va-benjamin%e2%80%89\/","title":{"rendered":"Comment \u00e7a va Benjamin\u2009?"},"content":{"rendered":"<p><img loading=\"lazy\" decoding=\"async\" class=\"alignnone size-medium wp-image-2801\" src=\"http:\/\/www.afrikaeducation.com\/wp-content\/uploads\/2022\/04\/couverture-ce1-litt-2-234x300.jpg\" alt=\"\" width=\"234\" height=\"300\" srcset=\"https:\/\/www.afrikaeducation.com\/wp-content\/uploads\/2022\/04\/couverture-ce1-litt-2-234x300.jpg 234w, https:\/\/www.afrikaeducation.com\/wp-content\/uploads\/2022\/04\/couverture-ce1-litt-2-600x770.jpg 600w, https:\/\/www.afrikaeducation.com\/wp-content\/uploads\/2022\/04\/couverture-ce1-litt-2-798x1024.jpg 798w, https:\/\/www.afrikaeducation.com\/wp-content\/uploads\/2022\/04\/couverture-ce1-litt-2-768x986.jpg 768w, https:\/\/www.afrikaeducation.com\/wp-content\/uploads\/2022\/04\/couverture-ce1-litt-2-1196x1536.jpg 1196w, https:\/\/www.afrikaeducation.com\/wp-content\/uploads\/2022\/04\/couverture-ce1-litt-2-1595x2048.jpg 1595w\" sizes=\"auto, (max-width: 234px) 100vw, 234px\" \/><\/p>\n","protected":false},"excerpt":{"rendered":"<p>C\u2019est l\u2019histoire du premier jour de classe du petit Benjamin en CE1. Il va faire la rencontre d\u2019une jeune camarade venant d\u2019une r\u00e9gion anglophone de son pays qui se trouve oblig\u00e9e de faire sa classe dans une \u00e9cole de syst\u00e8me francophone. Elle a des difficult\u00e9s pour pratiquer la langue fran\u00e7aise. La maitresse madame Ettia va leur enseigner des valeurs pour venir en aide aux autres.<\/p>\n<p>Cet ouvrage est au programme de CE1 au Cameroun. Premier volume d\u2019une s\u00e9rie, il aborde des th\u00e9matiques proches de pr\u00e9occupations des \u00e9l\u00e8ves et de leur v\u00e9cu familial et scolaire. Avec un vocabulaire riche et adapt\u00e9 aux apprenants du cycle\u00a02, une compr\u00e9hension fine, la richesse de ses illustrations, son bilinguisme et les liens avec d\u2019autres domaines de comp\u00e9tences<\/p>\n<p>L\u2019auteur dans sa structure du r\u00e9cit propose une histoire captivante, structur\u00e9e en trois parties, adapt\u00e9e pour habituer les jeunes enfants \u00e0 la lecture suivie et faire germer en eux l\u2019amour et la pratique de la lecture.<\/p>\n<p>Ce r\u00e9cit a \u00e9t\u00e9 traduit en anglais sous le titre <strong><em>How are you Benjamin\u00a0?<\/em><\/strong><\/p>\n","protected":false},"author":1,"featured_media":2801,"comment_status":"open","ping_status":"closed","template":"","meta":[],"product_cat":[65],"product_tag":[],"class_list":{"0":"post-2834","1":"product","2":"type-product","3":"status-publish","4":"has-post-thumbnail","6":"product_cat-ce1","8":"first","9":"instock","10":"shipping-taxable","11":"product-type-simple"},"_links":{"self":[{"href":"https:\/\/www.afrikaeducation.com\/africeduc\/wp-json\/wp\/v2\/product\/2834","targetHints":{"allow":["GET"]}}],"collection":[{"href":"https:\/\/www.afrikaeducation.com\/africeduc\/wp-json\/wp\/v2\/product"}],"about":[{"href":"https:\/\/www.afrikaeducation.com\/africeduc\/wp-json\/wp\/v2\/types\/product"}],"author":[{"embeddable":true,"href":"https:\/\/www.afrikaeducation.com\/africeduc\/wp-json\/wp\/v2\/users\/1"}],"replies":[{"embeddable":true,"href":"https:\/\/www.afrikaeducation.com\/africeduc\/wp-json\/wp\/v2\/comments?post=2834"}],"wp:featuredmedia":[{"embeddable":true,"href":"https:\/\/www.afrikaeducation.com\/africeduc\/wp-json\/wp\/v2\/media\/2801"}],"wp:attachment":[{"href":"https:\/\/www.afrikaeducation.com\/africeduc\/wp-json\/wp\/v2\/media?parent=2834"}],"wp:term":[{"taxonomy":"product_cat","embeddable":true,"href":"https:\/\/www.afrikaeducation.com\/africeduc\/wp-json\/wp\/v2\/product_cat?post=2834"},{"taxonomy":"product_tag","embeddable":true,"href":"https:\/\/www.afrikaeducation.com\/africeduc\/wp-json\/wp\/v2\/product_tag?post=2834"}],"curies":[{"name":"wp","href":"https:\/\/api.w.org\/{rel}","templated":true}]}}