{"id":2794,"date":"2022-04-22T11:55:48","date_gmt":"2022-04-22T09:55:48","guid":{"rendered":"https:\/\/www.afrikaeducation.com\/?post_type=product&#038;p=2794"},"modified":"2024-11-09T06:07:34","modified_gmt":"2024-11-09T05:07:34","slug":"je-pratique-le-dessin-et-le-coloriage-3","status":"publish","type":"product","link":"https:\/\/www.afrikaeducation.com\/africeduc\/product\/je-pratique-le-dessin-et-le-coloriage-3\/","title":{"rendered":"Je pratique le dessin et le coloriage"},"content":{"rendered":"","protected":false},"excerpt":{"rendered":"<p>Cet ouvrage pratique propose en 61\u00a0pages, des exercices de dessin et de coloriage de formes de base, facilement reconnaissables et assimilables chez les tout-petits. Ces exercices sont organis\u00e9s autour de six th\u00e8mes, entre autres l\u2019\u00e9cole, le corps humain, la famille\/l\u2019habitat, les f\u00eates, le monde animal, le monde v\u00e9g\u00e9tal, les m\u00e9tiers et les moyens de transport.<\/p>\n<p>En faisant graviter les travaux autour des savoir-\u00eatre tels que la pr\u00e9cision et la concentration, il permet de d\u00e9velopper l\u2019esprit d\u2019autonomie chez la jeune cible. <strong><em>Je pratique le dessin et le coloriage<\/em><\/strong> est d\u2019un int\u00e9r\u00eat p\u00e9dagogique puisqu\u2019il favorise la cr\u00e9ation artistique et initie la tranche 4-5\u00a0ans aux activit\u00e9s manuelles comme le veut la m\u00e9thode d\u2019approche par comp\u00e9tences.<\/p>\n<p>Ainsi con\u00e7u, ce manuel est destin\u00e9 aux apprenants de la maternelle\u2009; aux parents, soucieux de suivre l\u2019\u00e9volution de leurs tout-petits\u2009; aux professionnels de l\u2019\u00e9ducation\u2009; et \u00e0 tous ceux qui pour une raison ou une autre, se pr\u00e9occupent de l\u2019\u00e9veil et de la progression de l\u2019enfant.<\/p>\n<p>Actuellement, il est au programme de l\u2019enseignement maternel au Cameroun.<\/p>\n","protected":false},"author":1,"featured_media":2749,"comment_status":"open","ping_status":"closed","template":"","meta":[],"product_cat":[69],"product_tag":[],"class_list":{"0":"post-2794","1":"product","2":"type-product","3":"status-publish","4":"has-post-thumbnail","6":"product_cat-maternelle","8":"first","9":"instock","10":"shipping-taxable","11":"product-type-simple"},"_links":{"self":[{"href":"https:\/\/www.afrikaeducation.com\/africeduc\/wp-json\/wp\/v2\/product\/2794","targetHints":{"allow":["GET"]}}],"collection":[{"href":"https:\/\/www.afrikaeducation.com\/africeduc\/wp-json\/wp\/v2\/product"}],"about":[{"href":"https:\/\/www.afrikaeducation.com\/africeduc\/wp-json\/wp\/v2\/types\/product"}],"author":[{"embeddable":true,"href":"https:\/\/www.afrikaeducation.com\/africeduc\/wp-json\/wp\/v2\/users\/1"}],"replies":[{"embeddable":true,"href":"https:\/\/www.afrikaeducation.com\/africeduc\/wp-json\/wp\/v2\/comments?post=2794"}],"wp:featuredmedia":[{"embeddable":true,"href":"https:\/\/www.afrikaeducation.com\/africeduc\/wp-json\/wp\/v2\/media\/2749"}],"wp:attachment":[{"href":"https:\/\/www.afrikaeducation.com\/africeduc\/wp-json\/wp\/v2\/media?parent=2794"}],"wp:term":[{"taxonomy":"product_cat","embeddable":true,"href":"https:\/\/www.afrikaeducation.com\/africeduc\/wp-json\/wp\/v2\/product_cat?post=2794"},{"taxonomy":"product_tag","embeddable":true,"href":"https:\/\/www.afrikaeducation.com\/africeduc\/wp-json\/wp\/v2\/product_tag?post=2794"}],"curies":[{"name":"wp","href":"https:\/\/api.w.org\/{rel}","templated":true}]}}