{"id":2710,"date":"2022-02-23T03:13:24","date_gmt":"2022-02-23T02:13:24","guid":{"rendered":"https:\/\/www.afrikaeducation.com\/?post_type=product&#038;p=2710"},"modified":"2024-11-09T09:40:51","modified_gmt":"2024-11-09T08:40:51","slug":"greek","status":"publish","type":"product","link":"https:\/\/www.afrikaeducation.com\/africeduc\/product\/greek\/","title":{"rendered":"Math\u00e9matiques CE1"},"content":{"rendered":"","protected":false},"excerpt":{"rendered":"<p style=\"text-align: justify;\">Par une p\u00e9dagogie qui permet de s\u2019adapter \u00e0 chacun et placer les \u00e9l\u00e8ves au c\u0153ur d\u2019une d\u00e9marche d\u2019apprentissage active\u2009; une didactique ludique et concr\u00e8te par la manipulation et l\u2019action qui proposent un temps collectif avec un projet dirig\u00e9 par l\u2019enseignant et une phase d\u2019entrainements, ce manuel pr\u00e9sente une organisation par unit\u00e9s, correspondant \u00e0 des centres d\u2019int\u00e9r\u00eat, offrant un usage facile tout en assurant \u00e0 l\u2019\u00e9l\u00e8ve une progression annuelle effective. Il fait une large place aux exercices et aux activit\u00e9s d\u2019int\u00e9gration hebdomadaires des le\u00e7ons enseign\u00e9es.<br \/>\nLes le\u00e7ons sont construites sur le m\u00eame sch\u00e9ma et fournissent une r\u00e9vision d\u2019anciennes notions en relation avec le savoir-faire \u00e0 d\u00e9velopper dans la le\u00e7on du jour, un observe et r\u00e9ponds qui pr\u00e9sente une illustration en rapport avec le centre d\u2019int\u00e9r\u00eat de l\u2019unit\u00e9, une discussion autour de la recherche de r\u00e9solution du probl\u00e8me que soumet l\u2019illustration et une r\u00e8gle math\u00e9matique qui est la notion \u00e0 retenir. Des comp\u00e9tences \u00e0 d\u00e9velopper chez l\u2019\u00e9l\u00e8ve sont \u00e9nonc\u00e9es \u00e0 chaque d\u00e9but d\u2019unit\u00e9s.<br \/>\nS\u00e9lectionn\u00e9 dans le programme scolaire au Cameroun, <strong>Math\u00e9matiques CE1<\/strong> est le manuel par excellence qui accompagnera l\u2019apprenant et l\u2019enseignant dans l\u2019apprentissage des math\u00e9matiques.<\/p>\n","protected":false},"author":1,"featured_media":2743,"comment_status":"open","ping_status":"closed","template":"","meta":[],"product_cat":[65],"product_tag":[],"class_list":{"0":"post-2710","1":"product","2":"type-product","3":"status-publish","4":"has-post-thumbnail","6":"product_cat-ce1","8":"first","9":"instock","10":"shipping-taxable","11":"product-type-simple"},"_links":{"self":[{"href":"https:\/\/www.afrikaeducation.com\/africeduc\/wp-json\/wp\/v2\/product\/2710","targetHints":{"allow":["GET"]}}],"collection":[{"href":"https:\/\/www.afrikaeducation.com\/africeduc\/wp-json\/wp\/v2\/product"}],"about":[{"href":"https:\/\/www.afrikaeducation.com\/africeduc\/wp-json\/wp\/v2\/types\/product"}],"author":[{"embeddable":true,"href":"https:\/\/www.afrikaeducation.com\/africeduc\/wp-json\/wp\/v2\/users\/1"}],"replies":[{"embeddable":true,"href":"https:\/\/www.afrikaeducation.com\/africeduc\/wp-json\/wp\/v2\/comments?post=2710"}],"wp:featuredmedia":[{"embeddable":true,"href":"https:\/\/www.afrikaeducation.com\/africeduc\/wp-json\/wp\/v2\/media\/2743"}],"wp:attachment":[{"href":"https:\/\/www.afrikaeducation.com\/africeduc\/wp-json\/wp\/v2\/media?parent=2710"}],"wp:term":[{"taxonomy":"product_cat","embeddable":true,"href":"https:\/\/www.afrikaeducation.com\/africeduc\/wp-json\/wp\/v2\/product_cat?post=2710"},{"taxonomy":"product_tag","embeddable":true,"href":"https:\/\/www.afrikaeducation.com\/africeduc\/wp-json\/wp\/v2\/product_tag?post=2710"}],"curies":[{"name":"wp","href":"https:\/\/api.w.org\/{rel}","templated":true}]}}